{"id":5047,"date":"2024-12-17T10:21:46","date_gmt":"2024-12-17T10:21:46","guid":{"rendered":"https:\/\/lomoro.nl\/?post_type=product&#038;p=5047"},"modified":"2025-01-10T11:11:06","modified_gmt":"2025-01-10T11:11:06","slug":"handgemaakte-leren-laarzen-5","status":"publish","type":"product","link":"https:\/\/www.lomoro.nl\/fr\/products\/handgemaakte-leren-laarzen-5\/","title":{"rendered":"Chaussures en cuir faites \u00e0 la main pour hommes"},"content":{"rendered":"<p><span>Profitez de l&rsquo;excellente qualit\u00e9 de nos chaussures en cuir faites \u00e0 la main pour hommes pour toutes les occasions. Chaque paire est savamment con\u00e7ue par des artisans qualifi\u00e9s avec du cuir fin, garantissant durabilit\u00e9 et confort. Parfaites que vous alliez au bureau ou que vous profitiez d&rsquo;une soir\u00e9e, ces chaussures en cuir pour hommes sont con\u00e7ues pour s&rsquo;adapter \u00e0 n&rsquo;importe quel environnement. Avec un m\u00e9lange de styles \u00e9l\u00e9gants et de looks modernes, ces chaussures en cuir pour hommes sublimeront votre garde-robe. Choisissez des chaussures qui allient haute qualit\u00e9 et confort et d\u00e9couvrez comment nos\u00a0\u00a0<\/span><a title=\"Des chaussures en cuir faites \u00e0 la main pour hommes pour toutes les occasions\" href=\"https:\/\/www.lomoro.nl\/products\/handgemaakte-leren-laarzen-9\" target=\"_blank\" rel=\"noopener\"><span>chaussures en cuir pour hommes<\/span><\/a><span>\u00a0\u00a0peuvent rehausser votre style en toute occasion. D\u00e9couvrez la diff\u00e9rence de l&rsquo;excellence faite \u00e0 la main avec nos chaussures en cuir pour hommes.<\/span><\/p>\n<p><span>Les\u00a0<\/span><b><span>bottes Oxfords en cuir grain\u00e9 bordeaux fabriqu\u00e9es \u00e0 la main\u00a0<\/span><\/b><span>incarnent un m\u00e9lange parfait de style classique et d&rsquo;\u00e9l\u00e9gance contemporaine. La riche couleur bordeaux et la texture grain\u00e9e unique ajoutent un d\u00e9tail sophistiqu\u00e9 \u00e0 votre garde-robe. Ces bottes sont fabriqu\u00e9es \u00e0 la main \u00e0 partir de cuir de haute qualit\u00e9, ce qui donne non seulement un aspect luxueux, mais garantit \u00e9galement la durabilit\u00e9.<\/span><\/p>\n<p><span>Ces Oxfords sont con\u00e7us dans un souci de confort et de style. La doublure int\u00e9rieure en cuir souple offre un ajustement confortable, tandis que la semelle robuste offre stabilit\u00e9 et adh\u00e9rence. Id\u00e9ales aussi bien pour les occasions formelles que pour les tenues chic et d\u00e9contract\u00e9es, ces bottes sont un choix polyvalent pour l&rsquo;homme moderne. Que vous soyez au bureau ou que vous sortiez pour une soir\u00e9e, ils vous permettent toujours de vous sentir \u00e9l\u00e9gant et confiant.<\/span><\/p>\n<table>\n<tbody>\n<tr>\n<td><b><span>Fonctionnalit\u00e9<\/span><\/b><\/td>\n<td><b><span>D\u00e9tails<\/span><\/b><\/td>\n<\/tr>\n<tr>\n<td><b><span>Mat\u00e9riel<\/span><\/b><\/td>\n<td><span>Cuir grain\u00e9 de premi\u00e8re qualit\u00e9<\/span><\/td>\n<\/tr>\n<tr>\n<td><b><span>Couleur<\/span><\/b><\/td>\n<td><span>Rouge bordelais<\/span><\/td>\n<\/tr>\n<tr>\n<td><b><span>Style<\/span><\/b><\/td>\n<td><span>Richelieus classiques<\/span><\/td>\n<\/tr>\n<tr>\n<td><b><span>Garniture<\/span><\/b><\/td>\n<td><span>Cuir souple pour un confort optimal<\/span><\/td>\n<\/tr>\n<tr>\n<td><b><span>Seul<\/span><\/b><\/td>\n<td><span>Robuste avec une excellente adh\u00e9rence<\/span><\/td>\n<\/tr>\n<tr>\n<td><b><span>Entretien<\/span><\/b><\/td>\n<td><span>Brossez r\u00e9guli\u00e8rement pour conserver la couleur et la texture<\/span><\/td>\n<\/tr>\n<\/tbody>\n<\/table>\n","protected":false},"excerpt":{"rendered":"<p><span>Faites passer votre style au niveau sup\u00e9rieur avec les\u00a0<\/span><b><span>bottes Oxfords en cuir grain\u00e9 bordeaux faites \u00e0 la main\u00a0<\/span><\/b><span>. Ces chaussures \u00e9l\u00e9gantes associent un cuir luxueux \u00e0 un design intemporel, parfaites pour toutes les occasions.<\/span><\/p>\n<p><span>Le savoir-faire artisanal et la texture grain\u00e9e offrent un look unique, tandis que le confort haut de gamme est id\u00e9al pour une utilisation \u00e0 long terme. Donnez \u00e0 votre tenue un accent saisissant avec ce choix raffin\u00e9.<\/span><\/p>\n<p>\u2702\ufe0f<span>Ajustement parfait, fait sp\u00e9cialement pour vous.<\/span><\/p>\n<p>\ud83d\udc54<span>Des conseils personnalis\u00e9s pour votre look unique.<\/span><\/p>\n<p>\ud83e\uddf5<span>Des mat\u00e9riaux de haute qualit\u00e9 pour un confort ultime.<\/span><\/p>\n<p>\ud83c\udfa8<span>\u00c9l\u00e9gant pour chaque occasion.<\/span><\/p>\n<p>\ud83c\udf81<span>Profitez d&rsquo;un cadeau gratuit \u00e0 chaque visite en magasin\u00a0!<\/span><\/p>\n","protected":false},"featured_media":2841,"template":"","meta":{"_acf_changed":false},"product_brand":[],"product_cat":[124],"product_tag":[],"class_list":{"0":"post-5047","1":"product","2":"type-product","3":"status-publish","4":"has-post-thumbnail","6":"product_cat-schoenen-collectie","8":"first","9":"instock","10":"sale","11":"shipping-taxable","12":"purchasable","13":"product-type-simple"},"acf":[],"_links":{"self":[{"href":"https:\/\/www.lomoro.nl\/fr\/wp-json\/wp\/v2\/product\/5047","targetHints":{"allow":["GET"]}}],"collection":[{"href":"https:\/\/www.lomoro.nl\/fr\/wp-json\/wp\/v2\/product"}],"about":[{"href":"https:\/\/www.lomoro.nl\/fr\/wp-json\/wp\/v2\/types\/product"}],"wp:featuredmedia":[{"embeddable":true,"href":"https:\/\/www.lomoro.nl\/fr\/wp-json\/wp\/v2\/media\/2841"}],"wp:attachment":[{"href":"https:\/\/www.lomoro.nl\/fr\/wp-json\/wp\/v2\/media?parent=5047"}],"wp:term":[{"taxonomy":"product_brand","embeddable":true,"href":"https:\/\/www.lomoro.nl\/fr\/wp-json\/wp\/v2\/product_brand?post=5047"},{"taxonomy":"product_cat","embeddable":true,"href":"https:\/\/www.lomoro.nl\/fr\/wp-json\/wp\/v2\/product_cat?post=5047"},{"taxonomy":"product_tag","embeddable":true,"href":"https:\/\/www.lomoro.nl\/fr\/wp-json\/wp\/v2\/product_tag?post=5047"}],"curies":[{"name":"wp","href":"https:\/\/api.w.org\/{rel}","templated":true}]}}