{"id":5166,"date":"2024-12-07T08:40:34","date_gmt":"2024-12-07T08:40:34","guid":{"rendered":"https:\/\/lomoro.nl\/?post_type=product&#038;p=5166"},"modified":"2025-01-13T05:49:46","modified_gmt":"2025-01-13T05:49:46","slug":"trouwpak-4","status":"publish","type":"product","link":"https:\/\/www.lomoro.nl\/fr\/products\/trouwpak-4\/","title":{"rendered":"Costume De Mariage Beige"},"content":{"rendered":"<section id=\"shopify-section-template--23762923880771__rich_text_kx9yLB\" class=\"shopify-section section\">\n<div class=\"isolate\">\n<div class=\"rich-text content-container color-scheme-1 gradient rich-text--full-width content-container--full-width section-template--23762923880771__rich_text_kx9yLB-padding\">\n<div class=\"rich-text__wrapper rich-text__wrapper--left page-width\">\n<div class=\"rich-text__blocks left\">\n<p><span>Le costume de mariage beige Lomoro est fait pour les mari\u00e9s qui appr\u00e9cient \u00e0 la fois le style et le confort. Avec sa coupe impeccable et son design raffin\u00e9, ce costume est parfait pour cr\u00e9er des souvenirs de mariage inoubliables.<\/span><\/p>\n<p><span>D\u00e9couvrez une collection de superbes costumes de mariage beiges. Lomoro a toujours satisfait ses clients avec ses costumes de mariage beiges exceptionnels et est connu comme l&rsquo;un des meilleurs fournisseurs de Roosendaal. Ce costume sur mesure est con\u00e7u pour offrir un ajustement parfait et un look \u00e9l\u00e9gant. Fabriqu\u00e9 \u00e0 partir de mat\u00e9riaux de haute qualit\u00e9 et con\u00e7u avec une attention m\u00e9ticuleuse aux d\u00e9tails, notre costume de mariage beige vous assurera d&rsquo;\u00eatre \u00e0 votre meilleur. Gr\u00e2ce \u00e0 sa polyvalence, ce costume vous permet de basculer sans effort entre les styles classique et tendance. D\u00e9couvrez la sophistication et l&rsquo;\u00e9l\u00e9gance de Lomoro et d\u00e9couvrez le confort que vous m\u00e9ritez pour votre occasion sp\u00e9ciale.<\/span><\/p>\n<p><span>Faites une impression durable lors de votre journ\u00e9e sp\u00e9ciale avec le costume de mariage beige Lomoro. Ce costume sur mesure allie \u00e9l\u00e9gance intemporelle et sophistication moderne et vous fera briller le jour de votre mariage. Avec une coupe impeccable et un savoir-faire haut de gamme, c&rsquo;est le choix id\u00e9al pour le mari\u00e9 d&rsquo;aujourd&rsquo;hui qui appr\u00e9cie \u00e0 la fois le confort et le style.<\/span><\/p>\n<table>\n<tbody>\n<tr>\n<td><b><span>Fonctionnalit\u00e9<\/span><\/b><\/td>\n<td><b><span>D\u00e9tails<\/span><\/b><\/td>\n<\/tr>\n<tr>\n<td><b><span>Mat\u00e9riel<\/span><\/b><\/td>\n<td><span>Tissus\u00a0de haute qualit\u00e9<\/span><\/td>\n<\/tr>\n<tr>\n<td><b><span>Couleur<\/span><\/b><\/td>\n<td><span>Beige<\/span><\/td>\n<\/tr>\n<tr>\n<td><b><\/b><span><b>Tailles\u00a0<\/b><b>disponibles<\/b><\/span><b><\/b><\/td>\n<td><span>Petites tailles 46-62 \/ Grandes tailles 58-72<\/span><\/td>\n<\/tr>\n<tr>\n<td><b><span>Ajuster<\/span><\/b><\/td>\n<td><span>Fabriqu\u00e9 sur mesure\u00a0<\/span><span>pour un ajustement parfait<\/span><\/td>\n<\/tr>\n<tr>\n<td><b><span>Style<\/span><\/b><\/td>\n<td><span>Classique\u00a0<\/span><span>avec des accents modernes<\/span><\/td>\n<\/tr>\n<tr>\n<td><b><span>Entretien<\/span><\/b><\/td>\n<td><span>Nettoyage professionnel\u00a0<\/span><span>recommand\u00e9<\/span><\/td>\n<\/tr>\n<\/tbody>\n<\/table>\n<\/div>\n<\/div>\n<\/div>\n<\/div>\n<\/section>\n","protected":false},"excerpt":{"rendered":"<p><span>Fabriqu\u00e9 \u00e0 partir de mat\u00e9riaux de haute qualit\u00e9 et con\u00e7u avec un souci du d\u00e9tail, le costume offre \u00e0 la fois confort et sophistication.\u00a0<\/span><span>Ce costume dans sa configuration standard comprend un blazer \u00e0 boutonnage simple \u00e0 deux boutons, un gilet \u00e0 double boutonnage avec un devant \u00e0 six boutons et un pantalon assorti. Le gilet a une encoche au revers, des poches \u00e0 rabat et une poche passepoil\u00e9e avec une pochette pour plus d&rsquo;\u00e9l\u00e9gance. Le gilet a un col en V pointu et le pantalon a un devant plat avec une coupe sur mesure. Le costume est port\u00e9 avec une chemise bleu marine et une cravate cachemire pour compl\u00e9ter le ton beige du tissu.<\/span><\/p>\n<p>\u2702\ufe0f<span>Ajustement parfait, fait sp\u00e9cialement pour vous.<\/span><\/p>\n<p>\ud83d\udc54<span>Des conseils personnalis\u00e9s pour votre look unique.<\/span><\/p>\n<p>\ud83e\uddf5<span>Des mat\u00e9riaux de haute qualit\u00e9 pour un confort ultime.<\/span><\/p>\n<p>\ud83c\udfa8<span>\u00c9l\u00e9gant pour chaque occasion.<\/span><\/p>\n<p>\ud83c\udf81<span>Profitez d&rsquo;un cadeau gratuit \u00e0 chaque visite en magasin\u00a0!<\/span><\/p>\n","protected":false},"featured_media":1650,"template":"","meta":{"_acf_changed":false},"product_brand":[],"product_cat":[153],"product_tag":[],"class_list":{"0":"post-5166","1":"product","2":"type-product","3":"status-publish","4":"has-post-thumbnail","6":"product_cat-trouwpak-voor-mannen","8":"first","9":"instock","10":"sale","11":"shipping-taxable","12":"purchasable","13":"product-type-simple"},"acf":[],"_links":{"self":[{"href":"https:\/\/www.lomoro.nl\/fr\/wp-json\/wp\/v2\/product\/5166","targetHints":{"allow":["GET"]}}],"collection":[{"href":"https:\/\/www.lomoro.nl\/fr\/wp-json\/wp\/v2\/product"}],"about":[{"href":"https:\/\/www.lomoro.nl\/fr\/wp-json\/wp\/v2\/types\/product"}],"wp:featuredmedia":[{"embeddable":true,"href":"https:\/\/www.lomoro.nl\/fr\/wp-json\/wp\/v2\/media\/1650"}],"wp:attachment":[{"href":"https:\/\/www.lomoro.nl\/fr\/wp-json\/wp\/v2\/media?parent=5166"}],"wp:term":[{"taxonomy":"product_brand","embeddable":true,"href":"https:\/\/www.lomoro.nl\/fr\/wp-json\/wp\/v2\/product_brand?post=5166"},{"taxonomy":"product_cat","embeddable":true,"href":"https:\/\/www.lomoro.nl\/fr\/wp-json\/wp\/v2\/product_cat?post=5166"},{"taxonomy":"product_tag","embeddable":true,"href":"https:\/\/www.lomoro.nl\/fr\/wp-json\/wp\/v2\/product_tag?post=5166"}],"curies":[{"name":"wp","href":"https:\/\/api.w.org\/{rel}","templated":true}]}}