{"id":5172,"date":"2024-12-07T10:45:56","date_gmt":"2024-12-07T10:45:56","guid":{"rendered":"https:\/\/lomoro.nl\/?post_type=product&#038;p=5172"},"modified":"2025-01-13T06:37:13","modified_gmt":"2025-01-13T06:37:13","slug":"trouwpak-31","status":"publish","type":"product","link":"https:\/\/www.lomoro.nl\/fr\/products\/trouwpak-31\/","title":{"rendered":"D\u00e9guisements de Carnaval"},"content":{"rendered":"<p><b><span>Avec les costumes de carnaval\u00a0<\/span><\/b><span>de Lomoro,\u00a0<\/span><span>vous \u00eates assur\u00e9 d&rsquo;\u00eatre au centre des festivit\u00e9s. Nos costumes sont fabriqu\u00e9s \u00e0 partir de mat\u00e9riaux haut de gamme et offrent \u00e0 la fois confort et apparence saisissante. Que vous optiez pour un design de carnaval classique ou un th\u00e8me plus audacieux, notre collection a quelque chose pour tout le monde.<\/span><\/p>\n<p><span>Lomoro est votre partenaire fiable \u00e0 Roosendaal pour les costumes de carnaval sur mesure. En mettant l&rsquo;accent sur la qualit\u00e9 et le savoir-faire, nous veillons \u00e0 ce que votre costume de carnaval soit non seulement unique, mais \u00e9galement confortable et durable. Faites une d\u00e9claration \u00e0 n&rsquo;importe quelle f\u00eate avec nos designs exclusifs.<\/span><\/p>\n<table>\n<tbody>\n<tr>\n<td><b><span>Fonctionnalit\u00e9<\/span><\/b><\/td>\n<td><b><span>D\u00e9tails<\/span><\/b><\/td>\n<\/tr>\n<tr>\n<td><b><span>Mat\u00e9riel<\/span><\/b><\/td>\n<td><span>Des tissus de qualit\u00e9 et color\u00e9s<\/span><\/td>\n<\/tr>\n<tr>\n<td><b><span>Couleur<\/span><\/b><\/td>\n<td><span>Gris clair<\/span><\/td>\n<\/tr>\n<tr>\n<td><b><span>Tailles disponibles<\/span><\/b><\/td>\n<td><span>De la taille 46 \u00e0 la taille 72<\/span><\/td>\n<\/tr>\n<tr>\n<td><b><span>Ajuster<\/span><\/b><\/td>\n<td><span>Du sur mesure pour un confort optimal<\/span><\/td>\n<\/tr>\n<tr>\n<td><b><span>Style<\/span><\/b><\/td>\n<td><span>Cr\u00e9atif et festif<\/span><\/td>\n<\/tr>\n<tr>\n<td><b><span>Entretien<\/span><\/b><\/td>\n<td><span>Lavage \u00e0 la main ou nettoyage professionnel recommand\u00e9<\/span><\/td>\n<\/tr>\n<\/tbody>\n<\/table>\n","protected":false},"excerpt":{"rendered":"<p><span>C\u00e9l\u00e9brez le Carnaval avec style avec\u00a0<\/span><b><span>les costumes de carnaval exclusifs de Lomoro\u00a0<\/span><\/b><span>. Ces tenues saisissantes sont sp\u00e9cialement con\u00e7ues pour faire passer votre look festif au niveau sup\u00e9rieur. Chaque costume allie confort et look ludique et extravagant. Parfait pour le c\u00e9l\u00e9brant du carnaval qui recherche une tenue unique et de haute qualit\u00e9. Des couleurs vives aux designs cr\u00e9atifs, nos costumes vous permettront de vous d\u00e9marquer de la foule.<\/span><\/p>\n<p>\u2702\ufe0f<span>Ajustement parfait, fait sp\u00e9cialement pour vous.<\/span><\/p>\n<p>\ud83d\udc54<span>Des conseils personnalis\u00e9s pour votre look unique.<\/span><\/p>\n<p>\ud83e\uddf5<span>Des mat\u00e9riaux de haute qualit\u00e9 pour un confort ultime.<\/span><\/p>\n<p>\ud83c\udfa8<span>\u00c9l\u00e9gant pour chaque occasion.<\/span><\/p>\n<p>\ud83c\udf81<span>Profitez d&rsquo;un cadeau gratuit \u00e0 chaque visite en magasin\u00a0!<\/span><\/p>\n","protected":false},"featured_media":1785,"template":"","meta":{"_acf_changed":false},"product_brand":[],"product_cat":[153],"product_tag":[],"class_list":{"0":"post-5172","1":"product","2":"type-product","3":"status-publish","4":"has-post-thumbnail","6":"product_cat-trouwpak-voor-mannen","8":"first","9":"instock","10":"sale","11":"shipping-taxable","12":"purchasable","13":"product-type-simple"},"acf":[],"_links":{"self":[{"href":"https:\/\/www.lomoro.nl\/fr\/wp-json\/wp\/v2\/product\/5172","targetHints":{"allow":["GET"]}}],"collection":[{"href":"https:\/\/www.lomoro.nl\/fr\/wp-json\/wp\/v2\/product"}],"about":[{"href":"https:\/\/www.lomoro.nl\/fr\/wp-json\/wp\/v2\/types\/product"}],"wp:featuredmedia":[{"embeddable":true,"href":"https:\/\/www.lomoro.nl\/fr\/wp-json\/wp\/v2\/media\/1785"}],"wp:attachment":[{"href":"https:\/\/www.lomoro.nl\/fr\/wp-json\/wp\/v2\/media?parent=5172"}],"wp:term":[{"taxonomy":"product_brand","embeddable":true,"href":"https:\/\/www.lomoro.nl\/fr\/wp-json\/wp\/v2\/product_brand?post=5172"},{"taxonomy":"product_cat","embeddable":true,"href":"https:\/\/www.lomoro.nl\/fr\/wp-json\/wp\/v2\/product_cat?post=5172"},{"taxonomy":"product_tag","embeddable":true,"href":"https:\/\/www.lomoro.nl\/fr\/wp-json\/wp\/v2\/product_tag?post=5172"}],"curies":[{"name":"wp","href":"https:\/\/api.w.org\/{rel}","templated":true}]}}