{"id":5734,"date":"2024-12-11T11:17:58","date_gmt":"2024-12-11T11:17:58","guid":{"rendered":"https:\/\/www.lomoro.nl\/?post_type=product&#038;p=5734"},"modified":"2025-01-22T06:09:20","modified_gmt":"2025-01-22T06:09:20","slug":"slim-fit-pak-6","status":"publish","type":"product","link":"https:\/\/www.lomoro.nl\/fr\/products\/slim-fit-pak-6\/","title":{"rendered":"Costume slim gris fonc\u00e9 pour homme"},"content":{"rendered":"<p><span>Le\u00a0<\/span><b><span>costume slim gris fonc\u00e9 pour homme\u00a0<\/span><\/b><span>allie \u00e9l\u00e9gance classique et coupe contemporaine. La couleur gris fonc\u00e9 respire la sophistication et la polyvalence, ce qui rend ce costume parfait pour les \u00e9v\u00e9nements professionnels et formels. Il est con\u00e7u pour accentuer votre silhouette, offrant un look \u00e9l\u00e9gant et moderne. Que vous ayez une r\u00e9union ou que vous assistiez \u00e0 un \u00e9v\u00e9nement chic, ce costume fera certainement impression.<\/span><\/p>\n<p><span>Gr\u00e2ce \u00e0 l&rsquo;utilisation de tissus haut de gamme, le\u00a0<\/span><b><span>costume slim gris profond pour homme offre\u00a0<\/span><\/b><span>\u00e0 la fois confort et respirabilit\u00e9. La coupe ajust\u00e9e et le design \u00e9l\u00e9gant offrent une apparence \u00e9pur\u00e9e, tandis que la finition de haute qualit\u00e9 procure une sensation luxueuse. Ce costume est le choix parfait pour l&rsquo;homme qui veut non seulement \u00eatre \u00e9l\u00e9gant, mais qui veut aussi passer la journ\u00e9e confortablement.<\/span><\/p>\n<table>\n<tbody>\n<tr>\n<td><b><span>Fonctionnalit\u00e9<\/span><\/b><\/td>\n<td><b><span>D\u00e9tails<\/span><\/b><\/td>\n<\/tr>\n<tr>\n<td><b><span>Mat\u00e9riel<\/span><\/b><\/td>\n<td><span>Tissus respirants de qualit\u00e9 sup\u00e9rieure<\/span><\/td>\n<\/tr>\n<tr>\n<td><b><span>Couleur<\/span><\/b><\/td>\n<td><span>Gris profond<\/span><\/td>\n<\/tr>\n<tr>\n<td><b><span>Tailles disponibles<\/span><\/b><\/td>\n<td><span>Petites tailles 46-62 \/ Grandes tailles 58-72<\/span><\/td>\n<\/tr>\n<tr>\n<td><b><span>Ajuster<\/span><\/b><\/td>\n<td><span>Coupe slim pour une apparence \u00e9lanc\u00e9e<\/span><\/td>\n<\/tr>\n<tr>\n<td><b><span>Instructions de lavage<\/span><\/b><\/td>\n<td><span>Nettoyage \u00e0 sec professionnel uniquement<\/span><\/td>\n<\/tr>\n<\/tbody>\n<\/table>\n<p>&nbsp;<\/p>\n","protected":false},"excerpt":{"rendered":"<div class=\"product__tax caption rte\">\n<p><span>Le\u00a0<\/span><b><span>costume slim gris fonc\u00e9 pour homme\u00a0<\/span><\/b><span>est le choix parfait pour l&rsquo;homme qui recherche un look chic et moderne. La couleur gris fonc\u00e9 offre un look intemporel et raffin\u00e9 qui convient aussi bien aux occasions professionnelles que formelles.<\/span><\/p>\n<p><span>Avec sa coupe slim et ses tissus haut de gamme, cette combinaison offre \u00e0 la fois style et confort. Il est con\u00e7u pour renforcer votre confiance afin que vous soyez toujours \u00e0 votre meilleur, quelle que soit l&rsquo;occasion.<\/span><\/p>\n<p>\u2702\ufe0f<span>Ajustement parfait, fait sp\u00e9cialement pour vous.<\/span><\/p>\n<p>\ud83d\udc54<span>Des conseils personnalis\u00e9s pour votre look unique.<\/span><\/p>\n<p>\ud83e\uddf5<span>Des mat\u00e9riaux de haute qualit\u00e9 pour un confort ultime.<\/span><\/p>\n<p>\ud83c\udfa8<span>\u00c9l\u00e9gant pour chaque occasion.<\/span><\/p>\n<p>\ud83c\udf81<span>Profitez d&rsquo;un cadeau gratuit \u00e0 chaque visite en magasin\u00a0!<\/span><\/p>\n<\/div>\n","protected":false},"featured_media":2067,"template":"","meta":{"_acf_changed":false},"product_brand":[],"product_cat":[145],"product_tag":[],"class_list":{"0":"post-5734","1":"product","2":"type-product","3":"status-publish","4":"has-post-thumbnail","6":"product_cat-slim-fit-kostuums","8":"first","9":"instock","10":"sale","11":"shipping-taxable","12":"purchasable","13":"product-type-simple"},"acf":[],"_links":{"self":[{"href":"https:\/\/www.lomoro.nl\/fr\/wp-json\/wp\/v2\/product\/5734","targetHints":{"allow":["GET"]}}],"collection":[{"href":"https:\/\/www.lomoro.nl\/fr\/wp-json\/wp\/v2\/product"}],"about":[{"href":"https:\/\/www.lomoro.nl\/fr\/wp-json\/wp\/v2\/types\/product"}],"wp:featuredmedia":[{"embeddable":true,"href":"https:\/\/www.lomoro.nl\/fr\/wp-json\/wp\/v2\/media\/2067"}],"wp:attachment":[{"href":"https:\/\/www.lomoro.nl\/fr\/wp-json\/wp\/v2\/media?parent=5734"}],"wp:term":[{"taxonomy":"product_brand","embeddable":true,"href":"https:\/\/www.lomoro.nl\/fr\/wp-json\/wp\/v2\/product_brand?post=5734"},{"taxonomy":"product_cat","embeddable":true,"href":"https:\/\/www.lomoro.nl\/fr\/wp-json\/wp\/v2\/product_cat?post=5734"},{"taxonomy":"product_tag","embeddable":true,"href":"https:\/\/www.lomoro.nl\/fr\/wp-json\/wp\/v2\/product_tag?post=5734"}],"curies":[{"name":"wp","href":"https:\/\/api.w.org\/{rel}","templated":true}]}}