{"id":6607,"date":"2025-02-08T15:58:54","date_gmt":"2025-02-08T15:58:54","guid":{"rendered":"https:\/\/www.lomoro.nl\/?post_type=product&#038;p=6607"},"modified":"2025-02-10T11:40:44","modified_gmt":"2025-02-10T11:40:44","slug":"diepgroen-trouwpak","status":"publish","type":"product","link":"https:\/\/www.lomoro.nl\/fr\/products\/diepgroen-trouwpak\/","title":{"rendered":"Costume de mariage vert fonc\u00e9"},"content":{"rendered":"<p><span>Ce\u00a0<\/span><b><span>costume de mariage vert fonc\u00e9\u00a0<\/span><\/b><span>est le choix parfait pour le mari\u00e9 \u00e9l\u00e9gant qui veut se d\u00e9marquer. La teinte verte riche et profonde donne un look raffin\u00e9 et unique. Gr\u00e2ce au tissu de haute qualit\u00e9 et \u00e0 la finition pr\u00e9cise, le costume est luxueux et offre un confort de port ultime. La conception moderne et ajust\u00e9e assure une coupe \u00e9pur\u00e9e et \u00e9l\u00e9gante.<\/span><\/p>\n<p><span>Ce\u00a0<\/span><b><span>costume 3 pi\u00e8ces\u00a0<\/span><\/b><span>se compose d&rsquo;une veste \u00e9l\u00e9gante, d&rsquo;un gilet et d&rsquo;un pantalon parfaitement ajust\u00e9. La coupe classique et la finition de haute qualit\u00e9 rendent ce costume de mariage adapt\u00e9 \u00e0 divers th\u00e8mes et contextes. Disponible en\u00a0<\/span><b><span>petites tailles 46-62\u00a0<\/span><\/b><span>et\u00a0<\/span><b><span>grandes tailles 58-72\u00a0<\/span><\/b><span>, afin que chaque homme puisse trouver sa taille id\u00e9ale.<\/span><\/p>\n<table width=\"640\">\n<tbody>\n<tr>\n<td><b><span>Fonctionnalit\u00e9<\/span><\/b><\/td>\n<td><b><span>D\u00e9tails<\/span><\/b><\/td>\n<\/tr>\n<tr>\n<td><b><span>Mat\u00e9riel<\/span><\/b><\/td>\n<td><span>M\u00e9lange de laine de haute qualit\u00e9<\/span><\/td>\n<\/tr>\n<tr>\n<td><b><span>Couleur<\/span><\/b><\/td>\n<td><span>Vert fonc\u00e9<\/span><\/td>\n<\/tr>\n<tr>\n<td><b><span>Tailles<\/span><\/b><\/td>\n<td><span>Petites tailles 46-62, grandes tailles 58-72<\/span><\/td>\n<\/tr>\n<tr>\n<td><b><span>Ajuster<\/span><\/b><\/td>\n<td><span>Coupe slim avec une coupe moderne<\/span><\/td>\n<\/tr>\n<tr>\n<td><b><span>Style<\/span><\/b><\/td>\n<td><span>Mariage, formel, chic<\/span><\/td>\n<\/tr>\n<tr>\n<td><b><span>Entretien<\/span><\/b><\/td>\n<td><span>Nettoyage \u00e0 sec recommand\u00e9<\/span><\/td>\n<\/tr>\n<\/tbody>\n<\/table>\n<p>&nbsp;<\/p>\n","protected":false},"excerpt":{"rendered":"<section class=\"elementor-section elementor-top-section elementor-element elementor-element-26c21441 elementor-section-boxed elementor-section-height-default elementor-section-height-default\" data-id=\"26c21441\" data-element_type=\"section\" data-settings=\"{&quot;background_background&quot;:&quot;classic&quot;}\">\n<div class=\"elementor-container elementor-column-gap-no\">\n<div class=\"elementor-column elementor-col-100 elementor-top-column elementor-element elementor-element-2b7ce47f\" data-id=\"2b7ce47f\" data-element_type=\"column\">\n<div class=\"elementor-widget-wrap elementor-element-populated\">\n<section class=\"elementor-section elementor-inner-section elementor-element elementor-element-75e558a8 elementor-section-boxed elementor-section-height-default elementor-section-height-default\" data-id=\"75e558a8\" data-element_type=\"section\">\n<div class=\"elementor-container elementor-column-gap-no\">\n<div class=\"elementor-column elementor-col-50 elementor-inner-column elementor-element elementor-element-47712e13\" data-id=\"47712e13\" data-element_type=\"column\">\n<div class=\"elementor-widget-wrap elementor-element-populated\">\n<div class=\"elementor-element elementor-element-55be406f elementor-widget elementor-widget-woocommerce-product-short-description\" data-id=\"55be406f\" data-element_type=\"widget\" data-widget_type=\"woocommerce-product-short-description.default\">\n<div class=\"elementor-widget-container\">\n<div class=\"woocommerce-product-details__short-description\">\n<p><span>Cet \u00e9l\u00e9gant\u00a0<\/span><b><span>costume de mariage vert fonc\u00e9\u00a0<\/span><\/b><span>allie \u00e9l\u00e9gance et modernit\u00e9. La couleur vert fonc\u00e9 respire la classe et offre un look unique au mari\u00e9.<\/span><\/p>\n<p><span>Fabriqu\u00e9 \u00e0 partir de mat\u00e9riaux de haute qualit\u00e9 et avec un ajustement parfait pour un confort ultime. Disponible en\u00a0<\/span><b><span>petites tailles 46-62\u00a0<\/span><\/b><span>et\u00a0<\/span><b><span>grandes tailles 58-72\u00a0<\/span><\/b><span>, id\u00e9al pour chaque homme.<\/span><\/p>\n<p>\u2702\ufe0f<span>\u00a0Coupe parfaite, fabriqu\u00e9e sp\u00e9cialement pour vous.<\/span><\/p>\n<p>\ud83d\udc54<span>\u00a0Des conseils personnalis\u00e9s pour votre look unique.<\/span><\/p>\n<p>\ud83e\uddf5<span>\u00a0Des mat\u00e9riaux de haute qualit\u00e9 pour un confort ultime.<\/span><\/p>\n<p>\ud83c\udfa8<span>\u00a0\u00c9l\u00e9gant pour toutes les occasions.<\/span><\/p>\n<p>\ud83c\udf81<span> B\u00e9n\u00e9ficiez d&rsquo;un cadeau gratuit \u00e0 chaque visite en magasin !<\/span><\/p>\n<\/div>\n<\/div>\n<\/div>\n<\/div>\n<\/div>\n<\/div>\n<\/section>\n<\/div>\n<\/div>\n<\/div>\n<\/section>\n","protected":false},"featured_media":6506,"template":"","meta":{"_acf_changed":false},"product_brand":[],"product_cat":[153],"product_tag":[],"class_list":{"0":"post-6607","1":"product","2":"type-product","3":"status-publish","4":"has-post-thumbnail","6":"product_cat-trouwpak-voor-mannen","8":"first","9":"instock","10":"sale","11":"shipping-taxable","12":"purchasable","13":"product-type-simple"},"acf":[],"_links":{"self":[{"href":"https:\/\/www.lomoro.nl\/fr\/wp-json\/wp\/v2\/product\/6607","targetHints":{"allow":["GET"]}}],"collection":[{"href":"https:\/\/www.lomoro.nl\/fr\/wp-json\/wp\/v2\/product"}],"about":[{"href":"https:\/\/www.lomoro.nl\/fr\/wp-json\/wp\/v2\/types\/product"}],"wp:featuredmedia":[{"embeddable":true,"href":"https:\/\/www.lomoro.nl\/fr\/wp-json\/wp\/v2\/media\/6506"}],"wp:attachment":[{"href":"https:\/\/www.lomoro.nl\/fr\/wp-json\/wp\/v2\/media?parent=6607"}],"wp:term":[{"taxonomy":"product_brand","embeddable":true,"href":"https:\/\/www.lomoro.nl\/fr\/wp-json\/wp\/v2\/product_brand?post=6607"},{"taxonomy":"product_cat","embeddable":true,"href":"https:\/\/www.lomoro.nl\/fr\/wp-json\/wp\/v2\/product_cat?post=6607"},{"taxonomy":"product_tag","embeddable":true,"href":"https:\/\/www.lomoro.nl\/fr\/wp-json\/wp\/v2\/product_tag?post=6607"}],"curies":[{"name":"wp","href":"https:\/\/api.w.org\/{rel}","templated":true}]}}