{"id":6616,"date":"2025-02-08T16:33:42","date_gmt":"2025-02-08T16:33:42","guid":{"rendered":"https:\/\/www.lomoro.nl\/?post_type=product&#038;p=6616"},"modified":"2025-02-10T12:22:07","modified_gmt":"2025-02-10T12:22:07","slug":"zwarte-krijtstreep-trouwpak","status":"publish","type":"product","link":"https:\/\/www.lomoro.nl\/fr\/products\/zwarte-krijtstreep-trouwpak\/","title":{"rendered":"Costume de mariage \u00e0 rayures noires"},"content":{"rendered":"<p><span>Un\u00a0<\/span><b><span>costume de mariage\u00a0<\/span><\/b><span>qui allie tradition et modernit\u00e9. La\u00a0<\/span><b><span>couleur noire \u00e0 fines rayures\u00a0<\/span><\/b><span>offre un look distinctif et raffin\u00e9. Ce\u00a0<\/span><b><span>costume 3 pi\u00e8ces<\/span><\/b><span>\u00a0, compos\u00e9 d&rsquo;une veste, d&rsquo;un gilet et d&rsquo;un pantalon, offre un \u00e9quilibre parfait entre style et confort. La coupe slim accentue la silhouette et donne un look confiant.<\/span><\/p>\n<p><span>Que vous optiez pour un mariage formel ou classique, ce costume vous fera briller de mille feux. Le tissu respirant et luxueux assure un confort de port optimal tout au long de la journ\u00e9e. Disponible en\u00a0<\/span><b><span>petites tailles 46-62\u00a0<\/span><\/b><span>et\u00a0<\/span><b><span>grandes tailles 58-72\u00a0<\/span><\/b><span>, afin que chaque mari\u00e9 puisse trouver la coupe parfaite.<\/span><\/p>\n<table width=\"608\">\n<tbody>\n<tr>\n<td><b><span>Fonctionnalit\u00e9<\/span><\/b><\/td>\n<td><b><span>D\u00e9tails<\/span><\/b><\/td>\n<\/tr>\n<tr>\n<td><b><span>Mat\u00e9riel<\/span><\/b><\/td>\n<td><span>M\u00e9lange de laine de haute qualit\u00e9<\/span><\/td>\n<\/tr>\n<tr>\n<td><b><span>Couleur<\/span><\/b><\/td>\n<td><span>Noir \u00e0 fines rayures<\/span><\/td>\n<\/tr>\n<tr>\n<td><b><span>Tailles<\/span><\/b><\/td>\n<td><span>Petites tailles 46-62, grandes tailles 58-72<\/span><\/td>\n<\/tr>\n<tr>\n<td><b><span>Ajuster<\/span><\/b><\/td>\n<td><span>Coupe slim pour un look moderne<\/span><\/td>\n<\/tr>\n<tr>\n<td><b><span>Style<\/span><\/b><\/td>\n<td><span>Mariage, formel, affaires<\/span><\/td>\n<\/tr>\n<tr>\n<td><b><span>Entretien<\/span><\/b><\/td>\n<td><span>Nettoyage \u00e0 sec recommand\u00e9<\/span><\/td>\n<\/tr>\n<\/tbody>\n<\/table>\n<p>&nbsp;<\/p>\n","protected":false},"excerpt":{"rendered":"<p><span>Cet \u00e9l\u00e9gant\u00a0<\/span><b><span>costume de mariage \u00e0 rayures noires\u00a0<\/span><\/b><span>respire la classe et le raffinement purs. Le design \u00e0 rayures classique donne un look intemporel et \u00e9l\u00e9gant.<\/span><\/p>\n<p><span>Fabriqu\u00e9 \u00e0 partir de tissus de haute qualit\u00e9 avec une coupe confortable. Disponible en\u00a0<\/span><b><span>petites tailles 46-62<\/span><\/b><span>\u00a0et\u00a0<\/span><b><span>grandes tailles 58-72\u00a0<\/span><\/b><span>, parfait pour tout mari\u00e9.<\/span><\/p>\n<p>\u2702\ufe0f<span>\u00a0Coupe parfaite, fabriqu\u00e9e sp\u00e9cialement pour vous.<\/span><\/p>\n<p>\ud83d\udc54<span>\u00a0Des conseils personnalis\u00e9s pour votre look unique.<\/span><\/p>\n<p>\ud83e\uddf5<span>\u00a0Des mat\u00e9riaux de haute qualit\u00e9 pour un confort ultime.<\/span><\/p>\n<p>\ud83c\udfa8<span>\u00a0\u00c9l\u00e9gant pour toutes les occasions.<\/span><\/p>\n<p>\ud83c\udf81<span>\u00a0B\u00e9n\u00e9ficiez d&rsquo;un cadeau gratuit \u00e0 chaque visite en magasin !<\/span><\/p>\n","protected":false},"featured_media":6516,"template":"","meta":{"_acf_changed":false},"product_brand":[],"product_cat":[153],"product_tag":[],"class_list":{"0":"post-6616","1":"product","2":"type-product","3":"status-publish","4":"has-post-thumbnail","6":"product_cat-trouwpak-voor-mannen","8":"first","9":"instock","10":"sale","11":"shipping-taxable","12":"purchasable","13":"product-type-simple"},"acf":[],"_links":{"self":[{"href":"https:\/\/www.lomoro.nl\/fr\/wp-json\/wp\/v2\/product\/6616","targetHints":{"allow":["GET"]}}],"collection":[{"href":"https:\/\/www.lomoro.nl\/fr\/wp-json\/wp\/v2\/product"}],"about":[{"href":"https:\/\/www.lomoro.nl\/fr\/wp-json\/wp\/v2\/types\/product"}],"wp:featuredmedia":[{"embeddable":true,"href":"https:\/\/www.lomoro.nl\/fr\/wp-json\/wp\/v2\/media\/6516"}],"wp:attachment":[{"href":"https:\/\/www.lomoro.nl\/fr\/wp-json\/wp\/v2\/media?parent=6616"}],"wp:term":[{"taxonomy":"product_brand","embeddable":true,"href":"https:\/\/www.lomoro.nl\/fr\/wp-json\/wp\/v2\/product_brand?post=6616"},{"taxonomy":"product_cat","embeddable":true,"href":"https:\/\/www.lomoro.nl\/fr\/wp-json\/wp\/v2\/product_cat?post=6616"},{"taxonomy":"product_tag","embeddable":true,"href":"https:\/\/www.lomoro.nl\/fr\/wp-json\/wp\/v2\/product_tag?post=6616"}],"curies":[{"name":"wp","href":"https:\/\/api.w.org\/{rel}","templated":true}]}}